{"id":213,"date":"2023-07-06T00:49:31","date_gmt":"2023-07-06T00:49:31","guid":{"rendered":"https:\/\/reserhub.com\/es\/?page_id=213"},"modified":"2025-04-08T22:17:55","modified_gmt":"2025-04-08T22:17:55","slug":"actualizaciones-de-producto","status":"publish","type":"page","link":"https:\/\/reserhub.com\/es\/actualizaciones-de-producto\/","title":{"rendered":"Actualizaciones"},"content":{"rendered":"\n\n<div class=\"et_d4_element et_pb_section et_pb_section_0 et_pb_with_background  et_pb_css_mix_blend_mode et_section_regular et_block_section\" >\n\t\t\t\t\n\t\t\t\t\n\t\t\t\t\n\t\t\t\t\n\t\t\t\t\n\t\t\t\t\n\t\t\t\t<div class=\"et_d4_element et_pb_row et_pb_row_0  et_pb_css_mix_blend_mode et_block_row\">\n\t\t\t\t<div class=\"et_d4_element et_pb_column_4_4 et_pb_column et_pb_column_0  et_pb_css_mix_blend_mode et-last-child et_block_column\">\n\t\t\t\t\n\t\t\t\t\n\t\t\t\t\n\t\t\t\t\n\t\t\t\t<div class=\"et_pb_module et_d4_element et_pb_text et_pb_text_0 et_animated  et_pb_text_align_center et_pb_bg_layout_light\">\n\t\t\t\t\n\t\t\t\t\n\t\t\t\t\n\t\t\t\t\n\t\t\t\t<div class=\"et_pb_text_inner\"><h1 class=\"s-h4 news-header__title\" style=\"text-align: left\">What\u2019s new in<\/h1>\n<h1 class=\"s-h4 news-header__title\" style=\"text-align: left\">Reservamos SaaS?<\/h1><\/div>\n\t\t\t<\/div><div class=\"et_pb_module et_d4_element et_pb_text et_pb_text_1 et_animated  et_pb_text_align_center et_pb_bg_layout_light\">\n\t\t\t\t\n\t\t\t\t\n\t\t\t\t\n\t\t\t\t\n\t\t\t\t<div class=\"et_pb_text_inner\"><p style=\"text-align: left\"><span>Innovation in the bus sector<\/span><\/p><\/div>\n\t\t\t<\/div>\n\t\t\t<\/div>\n\t\t\t\t\n\t\t\t\t\n\t\t\t\t\n\t\t\t\t\n\t\t\t<\/div>\n\t\t\t\t\n\t\t\t\t\n\t\t\t<\/div><div class=\"et_d4_element et_pb_section et_pb_section_1  et_pb_css_mix_blend_mode et_section_regular et_block_section\" >\n\t\t\t\t\n\t\t\t\t\n\t\t\t\t\n\t\t\t\t\n\t\t\t\t\n\t\t\t\t\n\t\t\t\t<div class=\"et_d4_element et_pb_row et_pb_row_1  et_pb_css_mix_blend_mode et_block_row\">\n\t\t\t\t<div class=\"et_d4_element et_pb_column_4_4 et_pb_column et_pb_column_1  et_pb_css_mix_blend_mode et-last-child et_block_column\">\n\t\t\t\t\n\t\t\t\t\n\t\t\t\t\n\t\t\t\t\n\t\t\t\t<div class=\"et_pb_module et_d4_element et_pb_blog_0  et_pb_css_mix_blend_mode et_pb_posts et_pb_bg_layout_light \">\n\t\t\t\t\n\t\t\t\t\n\t\t\t\t\n\t\t\t\t\n\t\t\t\t<div class=\"et_pb_ajax_pagination_container\">\n\t\t\t\t\t\n\t\t\t<article id=\"post-5105\" class=\"et_pb_post clearfix et_pb_blog_item_0_0 post-5105 post type-post status-publish format-standard has-post-thumbnail hentry category-ecommerce\">\n\n\t\t\t\t<a href=\"https:\/\/reserhub.com\/es\/blog\/pagos-digitales-como-factor-de-confianza-motor-de-conversion-en-ecommerce\/\" class=\"entry-featured-image-url\"><img loading=\"lazy\" decoding=\"async\" src=\"https:\/\/reserhub.com\/es\/wp-content\/uploads\/sites\/9\/2026\/04\/Pagos-digitales_Blog-1080x675.png\" alt=\"Pagos digitales como factor de confianza: el verdadero motor de la conversi\u00f3n en ecommerce\" class=\"\" width=\"1080\" height=\"675\" srcset=\"https:\/\/reserhub.com\/es\/wp-content\/uploads\/sites\/9\/2026\/04\/Pagos-digitales_Blog-980x784.png 980w, https:\/\/reserhub.com\/es\/wp-content\/uploads\/sites\/9\/2026\/04\/Pagos-digitales_Blog-480x384.png 480w\" sizes=\"(min-width: 0px) and (max-width: 480px) 480px, (min-width: 481px) and (max-width: 980px) 980px, (min-width: 981px) 1080px, 100vw\" \/><\/a>\n\t\t\t\t\t\t\t\t\t\t\t\t\t\t<h2 class=\"entry-title\">\n\t\t\t\t\t\t\t\t\t\t\t\t\t<a href=\"https:\/\/reserhub.com\/es\/blog\/pagos-digitales-como-factor-de-confianza-motor-de-conversion-en-ecommerce\/\">Pagos digitales como factor de confianza: el verdadero motor de la conversi\u00f3n en ecommerce<\/a>\n\t\t\t\t\t\t\t\t\t\t\t<\/h2>\n\t\t\t\t\n\t\t\t\t\t<p class=\"post-meta\">por <span class=\"author vcard\"><a href=\"https:\/\/reserhub.com\/es\/blog\/author\/marisolmorelos\/\" title=\"Entradas de Marisol Morelos\" rel=\"author\">Marisol Morelos<\/a><\/span> | <span class=\"published\">Abr 27, 2026<\/span> | <a href=\"https:\/\/reserhub.com\/es\/blog\/category\/ecommerce\/\" rel=\"tag\">eCommerce<\/a><\/p><div class=\"post-content\"><div class=\"post-content-inner\"><p>Descubre c\u00f3mo los pagos digitales en ecommerce impulsan la conversi\u00f3n en LATAM al reducir la fricci\u00f3n, aumentar la confianza y optimizar la experiencia de pago del usuario. A\u00f1os atr\u00e1s, el crecimiento del ecommerce se explic\u00f3 a partir de variables como el precio, la...<\/p>\n<\/div><\/div>\t\t\t\n\t\t\t<\/article>\n\t\t\t\t\n\t\t\t<article id=\"post-4715\" class=\"et_pb_post clearfix et_pb_blog_item_0_1 post-4715 post type-post status-publish format-standard has-post-thumbnail hentry category-corporativo category-newsroom\">\n\n\t\t\t\t<a href=\"https:\/\/reserhub.com\/es\/blog\/manuel-rodriguez-nuevo-head-of-customer-success\/\" class=\"entry-featured-image-url\"><img loading=\"lazy\" decoding=\"async\" src=\"https:\/\/reserhub.com\/es\/wp-content\/uploads\/sites\/9\/2026\/03\/Cargo-Manu-2-1080x675.png\" alt=\"Reserhub nombra a Manuel Rodr\u00edguez como Head of Customer Success\" class=\"\" width=\"1080\" height=\"675\" srcset=\"https:\/\/reserhub.com\/es\/wp-content\/uploads\/sites\/9\/2026\/03\/Cargo-Manu-2-980x784.png 980w, https:\/\/reserhub.com\/es\/wp-content\/uploads\/sites\/9\/2026\/03\/Cargo-Manu-2-480x384.png 480w\" sizes=\"(min-width: 0px) and (max-width: 480px) 480px, (min-width: 481px) and (max-width: 980px) 980px, (min-width: 981px) 1080px, 100vw\" \/><\/a>\n\t\t\t\t\t\t\t\t\t\t\t\t\t\t<h2 class=\"entry-title\">\n\t\t\t\t\t\t\t\t\t\t\t\t\t<a href=\"https:\/\/reserhub.com\/es\/blog\/manuel-rodriguez-nuevo-head-of-customer-success\/\">Reserhub nombra a Manuel Rodr\u00edguez como Head of Customer Success<\/a>\n\t\t\t\t\t\t\t\t\t\t\t<\/h2>\n\t\t\t\t\n\t\t\t\t\t<p class=\"post-meta\">por <span class=\"author vcard\"><a href=\"https:\/\/reserhub.com\/es\/blog\/author\/marisolmorelos\/\" title=\"Entradas de Marisol Morelos\" rel=\"author\">Marisol Morelos<\/a><\/span> | <span class=\"published\">Mar 2, 2026<\/span> | <a href=\"https:\/\/reserhub.com\/es\/blog\/category\/newsroom\/corporativo\/\" rel=\"tag\">Corporativo<\/a>, <a href=\"https:\/\/reserhub.com\/es\/blog\/category\/newsroom\/\" rel=\"tag\">Newsroom<\/a><\/p><div class=\"post-content\"><div class=\"post-content-inner\"><p>Conoce la visi\u00f3n de Manuel Rodr\u00edguez y lo que viene en esta nueva etapa al frente de un equipo que tiene como objetivo acompa\u00f1ar estrat\u00e9gicamente a las empresas de autob\u00fas en toda la regi\u00f3n. En Reserhub creemos que la tecnolog\u00eda es s\u00f3lo el punto de partida. El...<\/p>\n<\/div><\/div>\t\t\t\n\t\t\t<\/article>\n\t\t\t\t\n\t\t\t<article id=\"post-4704\" class=\"et_pb_post clearfix et_pb_blog_item_0_2 post-4704 post type-post status-publish format-standard has-post-thumbnail hentry category-evolucion-en-el-sector-de-transporte-terrestre\">\n\n\t\t\t\t<a href=\"https:\/\/reserhub.com\/es\/blog\/fidelizacion-usuarios-como-motor-de-crecimiento\/\" class=\"entry-featured-image-url\"><img loading=\"lazy\" decoding=\"async\" src=\"https:\/\/reserhub.com\/es\/wp-content\/uploads\/sites\/9\/2026\/02\/Fidelizacion-usuarios-1-1080x675.png\" alt=\"Fidelizaci\u00f3n como motor de crecimiento en las empresas de autob\u00fas\" class=\"\" width=\"1080\" height=\"675\" srcset=\"https:\/\/reserhub.com\/es\/wp-content\/uploads\/sites\/9\/2026\/02\/Fidelizacion-usuarios-1-980x784.png 980w, https:\/\/reserhub.com\/es\/wp-content\/uploads\/sites\/9\/2026\/02\/Fidelizacion-usuarios-1-480x384.png 480w\" sizes=\"(min-width: 0px) and (max-width: 480px) 480px, (min-width: 481px) and (max-width: 980px) 980px, (min-width: 981px) 1080px, 100vw\" \/><\/a>\n\t\t\t\t\t\t\t\t\t\t\t\t\t\t<h2 class=\"entry-title\">\n\t\t\t\t\t\t\t\t\t\t\t\t\t<a href=\"https:\/\/reserhub.com\/es\/blog\/fidelizacion-usuarios-como-motor-de-crecimiento\/\">Fidelizaci\u00f3n como motor de crecimiento en las empresas de autob\u00fas<\/a>\n\t\t\t\t\t\t\t\t\t\t\t<\/h2>\n\t\t\t\t\n\t\t\t\t\t<p class=\"post-meta\">por <span class=\"author vcard\"><a href=\"https:\/\/reserhub.com\/es\/blog\/author\/marisolmorelos\/\" title=\"Entradas de Marisol Morelos\" rel=\"author\">Marisol Morelos<\/a><\/span> | <span class=\"published\">Feb 23, 2026<\/span> | <a href=\"https:\/\/reserhub.com\/es\/blog\/category\/evolucion-en-el-sector-de-transporte-terrestre\/\" rel=\"tag\">Bus evolution<\/a><\/p><div class=\"post-content\"><div class=\"post-content-inner\"><p>El activo m\u00e1s valioso para una empresa de autob\u00fas no es adquirir usuarios, es retenerlos. En la venta de boletos de autob\u00fas, el crecimiento no depende \u00fanicamente de atraer nuevos usuarios. Depende, sobre todo, de cu\u00e1ntos regresan. Los usuarios frecuentes y fidelizados...<\/p>\n<\/div><\/div>\t\t\t\n\t\t\t<\/article>\n\t\t\t\t\n\t\t\t<article id=\"post-4662\" class=\"et_pb_post clearfix et_pb_blog_item_0_3 post-4662 post type-post status-publish format-standard has-post-thumbnail hentry category-ecommerce\">\n\n\t\t\t\t<a href=\"https:\/\/reserhub.com\/es\/blog\/que-pueden-aprender-las-empresas-de-transporte-de-pagos-digitales-instantaneos\/\" class=\"entry-featured-image-url\"><img loading=\"lazy\" decoding=\"async\" src=\"https:\/\/reserhub.com\/es\/wp-content\/uploads\/sites\/9\/2026\/01\/Pagos-digitales-1000x675.png\" alt=\"Pix, Dimo, Yape y Bre-B: qu\u00e9 pueden aprender las empresas de transporte de los pagos digitales instant\u00e1neos en la regi\u00f3n Latam\" class=\"\" width=\"1080\" height=\"675\" srcset=\"https:\/\/reserhub.com\/es\/wp-content\/uploads\/sites\/9\/2026\/01\/Pagos-digitales-1000x675.png 1080w, https:\/\/reserhub.com\/es\/wp-content\/uploads\/sites\/9\/2026\/01\/Pagos-digitales-980x784.png 980w, https:\/\/reserhub.com\/es\/wp-content\/uploads\/sites\/9\/2026\/01\/Pagos-digitales-480x384.png 480w\" sizes=\"(min-width: 0px) and (max-width: 480px) 480px, (min-width: 481px) and (max-width: 980px) 980px, (min-width: 981px) 1080px, 100vw\" \/><\/a>\n\t\t\t\t\t\t\t\t\t\t\t\t\t\t<h2 class=\"entry-title\">\n\t\t\t\t\t\t\t\t\t\t\t\t\t<a href=\"https:\/\/reserhub.com\/es\/blog\/que-pueden-aprender-las-empresas-de-transporte-de-pagos-digitales-instantaneos\/\">Pix, Dimo, Yape y Bre-B: qu\u00e9 pueden aprender las empresas de transporte de los pagos digitales instant\u00e1neos en la regi\u00f3n Latam<\/a>\n\t\t\t\t\t\t\t\t\t\t\t<\/h2>\n\t\t\t\t\n\t\t\t\t\t<p class=\"post-meta\">por <span class=\"author vcard\"><a href=\"https:\/\/reserhub.com\/es\/blog\/author\/marisolmorelos\/\" title=\"Entradas de Marisol Morelos\" rel=\"author\">Marisol Morelos<\/a><\/span> | <span class=\"published\">Ene 26, 2026<\/span> | <a href=\"https:\/\/reserhub.com\/es\/blog\/category\/ecommerce\/\" rel=\"tag\">eCommerce<\/a><\/p><div class=\"post-content\"><div class=\"post-content-inner\"><p>Pix, Dimo, Yape y Bre-B est\u00e1n transformando los pagos digitales en Latam. Descubre qu\u00e9 significa para el transporte terrestre y c\u00f3mo vender m\u00e1s con menor fricci\u00f3n. La forma en que las personas completan un proceso de pago est\u00e1 cambiando m\u00e1s r\u00e1pido que nunca en...<\/p>\n<\/div><\/div>\t\t\t\n\t\t\t<\/article>\n\t\t\t\t\n\t\t\t<article id=\"post-4542\" class=\"et_pb_post clearfix et_pb_blog_item_0_4 post-4542 post type-post status-publish format-standard has-post-thumbnail hentry category-evolucion-en-el-sector-de-transporte-terrestre\">\n\n\t\t\t\t<a href=\"https:\/\/reserhub.com\/es\/blog\/aprendizajes-reserhub-en-busworld-2025\/\" class=\"entry-featured-image-url\"><img loading=\"lazy\" decoding=\"async\" src=\"https:\/\/reserhub.com\/es\/wp-content\/uploads\/sites\/9\/2025\/11\/Busworld-1000x675.png\" alt=\"Busworld 2025: una mirada al futuro del transporte terrestre desde Reserhub\" class=\"\" width=\"1080\" height=\"675\" srcset=\"https:\/\/reserhub.com\/es\/wp-content\/uploads\/sites\/9\/2025\/11\/Busworld-1000x675.png 1080w, https:\/\/reserhub.com\/es\/wp-content\/uploads\/sites\/9\/2025\/11\/Busworld-980x784.png 980w, https:\/\/reserhub.com\/es\/wp-content\/uploads\/sites\/9\/2025\/11\/Busworld-480x384.png 480w\" sizes=\"(min-width: 0px) and (max-width: 480px) 480px, (min-width: 481px) and (max-width: 980px) 980px, (min-width: 981px) 1080px, 100vw\" \/><\/a>\n\t\t\t\t\t\t\t\t\t\t\t\t\t\t<h2 class=\"entry-title\">\n\t\t\t\t\t\t\t\t\t\t\t\t\t<a href=\"https:\/\/reserhub.com\/es\/blog\/aprendizajes-reserhub-en-busworld-2025\/\">Busworld 2025: una mirada al futuro del transporte terrestre desde Reserhub<\/a>\n\t\t\t\t\t\t\t\t\t\t\t<\/h2>\n\t\t\t\t\n\t\t\t\t\t<p class=\"post-meta\">por <span class=\"author vcard\"><a href=\"https:\/\/reserhub.com\/es\/blog\/author\/marisolmorelos\/\" title=\"Entradas de Marisol Morelos\" rel=\"author\">Marisol Morelos<\/a><\/span> | <span class=\"published\">Nov 24, 2025<\/span> | <a href=\"https:\/\/reserhub.com\/es\/blog\/category\/evolucion-en-el-sector-de-transporte-terrestre\/\" rel=\"tag\">Bus evolution<\/a><\/p><div class=\"post-content\"><div class=\"post-content-inner\"><p>Descubre los aprendizajes de Reserhub en Busworld 2025 y c\u00f3mo la digitalizaci\u00f3n, los datos y la omnicanalidad est\u00e1n transformando el futuro del transporte terrestre. En un contexto donde la movilidad colectiva enfrenta nuevos retos y oportunidades, Busworld Europe...<\/p>\n<\/div><\/div>\t\t\t\n\t\t\t<\/article>\n\t\t\t\t<div><div class=\"pagination clearfix\">\n\t<div class=\"alignleft\"><a href=\"https:\/\/reserhub.com\/es\/wp-json\/wp\/v2\/pages\/213\/page\/2\/?et_blog\" >&laquo; Entradas Anteriores<\/a><\/div>\n\t<div class=\"alignright\"><\/div>\n<\/div><\/div><\/div>\n\t\t\t\t<\/div>\n\t\t\t\t \n\t\t\t<\/div>\n\t\t\t\t\n\t\t\t\t\n\t\t\t\t\n\t\t\t\t\n\t\t\t<\/div>\n\t\t\t\t\n\t\t\t\t\n\t\t\t<\/div>\n\n","protected":false},"excerpt":{"rendered":"","protected":false},"author":3,"featured_media":0,"parent":0,"menu_order":0,"comment_status":"closed","ping_status":"closed","template":"","meta":{"_eb_attr":"","content-type":"","_monsterinsights_skip_tracking":false,"_monsterinsights_sitenote_active":false,"_monsterinsights_sitenote_note":"","_monsterinsights_sitenote_category":0,"_et_pb_use_builder":"on","_et_pb_old_content":"","_et_gb_content_width":"","footnotes":""},"class_list":["post-213","page","type-page","status-publish","hentry"],"yoast_head":"<!-- This site is optimized with the Yoast SEO Premium plugin v27.5 (Yoast SEO v27.5) - https:\/\/yoast.com\/product\/yoast-seo-premium-wordpress\/ -->\n<title>Actualizaciones - Reserhub ES<\/title>\n<meta name=\"robots\" content=\"index, follow, max-snippet:-1, max-image-preview:large, max-video-preview:-1\" \/>\n<link rel=\"canonical\" href=\"https:\/\/reserhub.com\/es\/actualizaciones-de-producto\/\" \/>\n<meta property=\"og:locale\" content=\"es_ES\" \/>\n<meta property=\"og:type\" content=\"article\" \/>\n<meta property=\"og:title\" content=\"Actualizaciones\" \/>\n<meta property=\"og:url\" content=\"https:\/\/reserhub.com\/es\/actualizaciones-de-producto\/\" \/>\n<meta property=\"og:site_name\" content=\"Reserhub ES\" \/>\n<meta property=\"article:modified_time\" content=\"2025-04-08T22:17:55+00:00\" \/>\n<meta name=\"twitter:card\" content=\"summary_large_image\" \/>\n<meta name=\"twitter:label1\" content=\"Tiempo de lectura\" \/>\n\t<meta name=\"twitter:data1\" content=\"3 minutos\" \/>\n<script type=\"application\/ld+json\" class=\"yoast-schema-graph\">{\"@context\":\"https:\\\/\\\/schema.org\",\"@graph\":[{\"@type\":\"WebPage\",\"@id\":\"https:\\\/\\\/reserhub.com\\\/es\\\/actualizaciones-de-producto\\\/\",\"url\":\"https:\\\/\\\/reserhub.com\\\/es\\\/actualizaciones-de-producto\\\/\",\"name\":\"Actualizaciones - Reserhub ES\",\"isPartOf\":{\"@id\":\"https:\\\/\\\/reserhub.com\\\/es\\\/#website\"},\"datePublished\":\"2023-07-06T00:49:31+00:00\",\"dateModified\":\"2025-04-08T22:17:55+00:00\",\"breadcrumb\":{\"@id\":\"https:\\\/\\\/reserhub.com\\\/es\\\/actualizaciones-de-producto\\\/#breadcrumb\"},\"inLanguage\":\"es\",\"potentialAction\":[{\"@type\":\"ReadAction\",\"target\":[\"https:\\\/\\\/reserhub.com\\\/es\\\/actualizaciones-de-producto\\\/\"]}]},{\"@type\":\"BreadcrumbList\",\"@id\":\"https:\\\/\\\/reserhub.com\\\/es\\\/actualizaciones-de-producto\\\/#breadcrumb\",\"itemListElement\":[{\"@type\":\"ListItem\",\"position\":1,\"name\":\"Home\",\"item\":\"https:\\\/\\\/reserhub.com\\\/es\\\/\"},{\"@type\":\"ListItem\",\"position\":2,\"name\":\"Actualizaciones\"}]},{\"@type\":\"WebSite\",\"@id\":\"https:\\\/\\\/reserhub.com\\\/es\\\/#website\",\"url\":\"https:\\\/\\\/reserhub.com\\\/es\\\/\",\"name\":\"Reserhub ES\",\"description\":\"\",\"potentialAction\":[{\"@type\":\"SearchAction\",\"target\":{\"@type\":\"EntryPoint\",\"urlTemplate\":\"https:\\\/\\\/reserhub.com\\\/es\\\/?s={search_term_string}\"},\"query-input\":{\"@type\":\"PropertyValueSpecification\",\"valueRequired\":true,\"valueName\":\"search_term_string\"}}],\"inLanguage\":\"es\"}]}<\/script>\n<!-- \/ Yoast SEO Premium plugin. -->","yoast_head_json":{"title":"Actualizaciones - Reserhub ES","robots":{"index":"index","follow":"follow","max-snippet":"max-snippet:-1","max-image-preview":"max-image-preview:large","max-video-preview":"max-video-preview:-1"},"canonical":"https:\/\/reserhub.com\/es\/actualizaciones-de-producto\/","og_locale":"es_ES","og_type":"article","og_title":"Actualizaciones","og_url":"https:\/\/reserhub.com\/es\/actualizaciones-de-producto\/","og_site_name":"Reserhub ES","article_modified_time":"2025-04-08T22:17:55+00:00","twitter_card":"summary_large_image","twitter_misc":{"Tiempo de lectura":"3 minutos"},"schema":{"@context":"https:\/\/schema.org","@graph":[{"@type":"WebPage","@id":"https:\/\/reserhub.com\/es\/actualizaciones-de-producto\/","url":"https:\/\/reserhub.com\/es\/actualizaciones-de-producto\/","name":"Actualizaciones - Reserhub ES","isPartOf":{"@id":"https:\/\/reserhub.com\/es\/#website"},"datePublished":"2023-07-06T00:49:31+00:00","dateModified":"2025-04-08T22:17:55+00:00","breadcrumb":{"@id":"https:\/\/reserhub.com\/es\/actualizaciones-de-producto\/#breadcrumb"},"inLanguage":"es","potentialAction":[{"@type":"ReadAction","target":["https:\/\/reserhub.com\/es\/actualizaciones-de-producto\/"]}]},{"@type":"BreadcrumbList","@id":"https:\/\/reserhub.com\/es\/actualizaciones-de-producto\/#breadcrumb","itemListElement":[{"@type":"ListItem","position":1,"name":"Home","item":"https:\/\/reserhub.com\/es\/"},{"@type":"ListItem","position":2,"name":"Actualizaciones"}]},{"@type":"WebSite","@id":"https:\/\/reserhub.com\/es\/#website","url":"https:\/\/reserhub.com\/es\/","name":"Reserhub ES","description":"","potentialAction":[{"@type":"SearchAction","target":{"@type":"EntryPoint","urlTemplate":"https:\/\/reserhub.com\/es\/?s={search_term_string}"},"query-input":{"@type":"PropertyValueSpecification","valueRequired":true,"valueName":"search_term_string"}}],"inLanguage":"es"}]}},"_links":{"self":[{"href":"https:\/\/reserhub.com\/es\/wp-json\/wp\/v2\/pages\/213","targetHints":{"allow":["GET"]}}],"collection":[{"href":"https:\/\/reserhub.com\/es\/wp-json\/wp\/v2\/pages"}],"about":[{"href":"https:\/\/reserhub.com\/es\/wp-json\/wp\/v2\/types\/page"}],"author":[{"embeddable":true,"href":"https:\/\/reserhub.com\/es\/wp-json\/wp\/v2\/users\/3"}],"replies":[{"embeddable":true,"href":"https:\/\/reserhub.com\/es\/wp-json\/wp\/v2\/comments?post=213"}],"version-history":[{"count":5,"href":"https:\/\/reserhub.com\/es\/wp-json\/wp\/v2\/pages\/213\/revisions"}],"predecessor-version":[{"id":3361,"href":"https:\/\/reserhub.com\/es\/wp-json\/wp\/v2\/pages\/213\/revisions\/3361"}],"wp:attachment":[{"href":"https:\/\/reserhub.com\/es\/wp-json\/wp\/v2\/media?parent=213"}],"curies":[{"name":"wp","href":"https:\/\/api.w.org\/{rel}","templated":true}]}}