{"id":247886,"date":"2025-07-18T01:06:26","date_gmt":"2025-07-18T01:06:26","guid":{"rendered":"https:\/\/reserhub.com\/br\/?page_id=247886"},"modified":"2026-03-26T21:57:30","modified_gmt":"2026-03-26T21:57:30","slug":"centro-de-aprendizado","status":"publish","type":"page","link":"https:\/\/reserhub.com\/br\/centro-de-aprendizado\/","title":{"rendered":"Centro de aprendizado &#8211; Reserhub"},"content":{"rendered":"<div class=\"et_pb_section_0 et_pb_section et_section_regular et_flex_section\">\n<div class=\"et_pb_row_0 et_pb_row et_flex_row\">\n<div class=\"et_pb_column_0 et_pb_column et-last-child et_flex_column et_pb_css_mix_blend_mode_passthrough et_flex_column_24_24 et_flex_column_24_24_tablet et_flex_column_24_24_phone\">\n<div class=\"et_pb_text_0 et_pb_text et_pb_bg_layout_light et_pb_module et_flex_module\"><div class=\"et_pb_text_inner\"><h1 style=\"font-size: 50px; background-color: #ffffff; line-height: 1.3em; font-family: Inter; text-align: center; color: #ffffff !important;\"><span style=\"color: #003300;\"><span style=\"color: #339966;\">Impulsionamos a evolu\u00e7\u00e3o<\/span>\u00a0da sua empresa rodovi\u00e1ria com relat\u00f3rios, webinars e conte\u00fado estrat\u00e9gico<\/span><\/h1>\n<\/div><\/div>\n<\/div>\n<\/div>\n<\/div>\n\n<div class=\"et_pb_section_1 et_pb_section et_section_regular et_block_section\">\n<div class=\"et_pb_row_1 et_pb_row et_block_row\">\n<div class=\"et_pb_column_1 et_pb_column et_pb_column_1_2 et_block_column et_pb_css_mix_blend_mode_passthrough\">\n<div class=\"et_pb_image_0 et_pb_image et_pb_module et_block_module\"><span class=\"et_pb_image_wrap\"><img loading=\"lazy\" decoding=\"async\" src=\"https:\/\/reserhub.com\/br\/wp-content\/uploads\/sites\/10\/2025\/07\/Mesa-de-trabajo-12-copia-4woman-scaled-1.png\" width=\"2560\" height=\"1280\" srcset=\"https:\/\/reserhub.com\/br\/wp-content\/uploads\/sites\/10\/2025\/07\/Mesa-de-trabajo-12-copia-4woman-scaled-1.png 2560w, https:\/\/reserhub.com\/br\/wp-content\/uploads\/sites\/10\/2025\/07\/Mesa-de-trabajo-12-copia-4woman-scaled-1-1280x640.png 1280w, https:\/\/reserhub.com\/br\/wp-content\/uploads\/sites\/10\/2025\/07\/Mesa-de-trabajo-12-copia-4woman-scaled-1-980x490.png 980w, https:\/\/reserhub.com\/br\/wp-content\/uploads\/sites\/10\/2025\/07\/Mesa-de-trabajo-12-copia-4woman-scaled-1-480x240.png 480w\" sizes=\"(min-width: 0px) and (max-width: 480px) 480px, (min-width: 481px) and (max-width: 980px) 980px, (min-width: 981px) and (max-width: 1280px) 1280px, (min-width: 1281px) 2560px, 100vw\" class=\"wp-image-247888\" title=\"Mesa de trabajo 12 copia 4woman\" \/><\/span><\/div>\n<\/div>\n\n<div class=\"et_pb_column_2 et_pb_column et_pb_column_1_2 et-last-child et_block_column et_pb_css_mix_blend_mode_passthrough\">\n<div class=\"et_pb_text_1 et_pb_text et_pb_bg_layout_light et_pb_module et_block_module\"><div class=\"et_pb_text_inner\"><h2><span style=\"color: #339966\">Estudos e relat\u00f3rios<\/span><\/h2>\n<\/div><\/div>\n\n<div class=\"et_pb_text_2 et_pb_text et_pb_bg_layout_light et_pb_module et_block_module\"><div class=\"et_pb_text_inner\"><p>Criamos relat\u00f3rios detalhados, baseados em an\u00e1lises de dados e tend\u00eancias, sobre a participa\u00e7\u00e3o de mercado no setor rodovi\u00e1rio, abrangendo diferentes pa\u00edses e regi\u00f5es, para compreender melhor os comportamentos e padr\u00f5es do mercado.<\/p>\n<\/div><\/div>\n\n<div class=\"et_pb_module et_pb_button_module_wrapper et_pb_button_0_wrapper\"><a class=\"et_pb_button_0 et_pb_button et_pb_bg_layout_dark et_pb_module et_block_module\" href=\"https:\/\/landing.reserhub.com\/pt-br\/recursos-para-download-para-o-setor-de-transporte-rodoviario\" target=\"_blank\">Veja nossos relat\u00f3rios e estudos <\/a><\/div>\n<\/div>\n<\/div>\n<\/div>\n\n<div class=\"et_pb_section_2 et_pb_section et_section_regular et_block_section\">\n<div class=\"et_pb_row_2 et_pb_row et_block_row\">\n<div class=\"et_pb_column_3 et_pb_column et_pb_column_1_3 et_block_column et_pb_css_mix_blend_mode_passthrough\">\n<div class=\"et_pb_image_1 et_pb_image et_pb_module et_block_module\"><span class=\"et_pb_image_wrap\"><img loading=\"lazy\" decoding=\"async\" src=\"https:\/\/reserhub.com\/br\/wp-content\/uploads\/sites\/10\/2025\/07\/Mesa-de-trabajo-12-copia-3assets-scaled-1.png\" width=\"2560\" height=\"1280\" srcset=\"https:\/\/reserhub.com\/br\/wp-content\/uploads\/sites\/10\/2025\/07\/Mesa-de-trabajo-12-copia-3assets-scaled-1.png 2560w, https:\/\/reserhub.com\/br\/wp-content\/uploads\/sites\/10\/2025\/07\/Mesa-de-trabajo-12-copia-3assets-scaled-1-1280x640.png 1280w, https:\/\/reserhub.com\/br\/wp-content\/uploads\/sites\/10\/2025\/07\/Mesa-de-trabajo-12-copia-3assets-scaled-1-980x490.png 980w, https:\/\/reserhub.com\/br\/wp-content\/uploads\/sites\/10\/2025\/07\/Mesa-de-trabajo-12-copia-3assets-scaled-1-480x240.png 480w\" sizes=\"(min-width: 0px) and (max-width: 480px) 480px, (min-width: 481px) and (max-width: 980px) 980px, (min-width: 981px) and (max-width: 1280px) 1280px, (min-width: 1281px) 2560px, 100vw\" class=\"wp-image-247890\" title=\"Mesa-de-trabajo-12-copia-3assets-scaled-1\" \/><\/span><\/div>\n\n<div class=\"et_pb_text_3 et_pb_text et_pb_bg_layout_light et_pb_module et_block_module\"><div class=\"et_pb_text_inner\"><h2><span style=\"font-size: x-large;color: #00af68\">Webinars Reserhub<\/span><\/h2>\n<\/div><\/div>\n\n<div class=\"et_pb_text_4 et_pb_text et_pb_bg_layout_light et_pb_module et_block_module\"><div class=\"et_pb_text_inner\"><p>Conversamos com l\u00edderes que est\u00e3o redefinindo a mobilidade. Descubra insights, aprendizados e tend\u00eancias que est\u00e3o acelerando a evolu\u00e7\u00e3o do transporte rodovi\u00e1rio.<\/p>\n<\/div><\/div>\n\n<div class=\"et_pb_module et_pb_button_module_wrapper et_pb_button_1_wrapper\"><a class=\"et_pb_button_1 et_pb_button et_pb_bg_layout_light et_pb_module et_block_module\" href=\"https:\/\/youtube.com\/playlist?list=PLbEM0ocI1Sqa0dGjenMeMFM7BGfIiHuyn&#038;si=7A2Xu74jvCqgWQnE\" target=\"_blank\">Assistir aos webinars<\/a><\/div>\n<\/div>\n\n<div class=\"et_pb_column_4 et_pb_column et_pb_column_1_3 et_block_column et_pb_css_mix_blend_mode_passthrough\">\n<div class=\"et_pb_image_2 et_pb_image et_pb_module et_block_module\"><span class=\"et_pb_image_wrap\"><img loading=\"lazy\" decoding=\"async\" src=\"https:\/\/reserhub.com\/br\/wp-content\/uploads\/sites\/10\/2025\/07\/Mesa-de-trabajo-12-copia-2assets-scaled-1.png\" width=\"2560\" height=\"1281\" srcset=\"https:\/\/reserhub.com\/br\/wp-content\/uploads\/sites\/10\/2025\/07\/Mesa-de-trabajo-12-copia-2assets-scaled-1.png 2560w, https:\/\/reserhub.com\/br\/wp-content\/uploads\/sites\/10\/2025\/07\/Mesa-de-trabajo-12-copia-2assets-scaled-1-1280x641.png 1280w, https:\/\/reserhub.com\/br\/wp-content\/uploads\/sites\/10\/2025\/07\/Mesa-de-trabajo-12-copia-2assets-scaled-1-980x490.png 980w, https:\/\/reserhub.com\/br\/wp-content\/uploads\/sites\/10\/2025\/07\/Mesa-de-trabajo-12-copia-2assets-scaled-1-480x240.png 480w\" sizes=\"(min-width: 0px) and (max-width: 480px) 480px, (min-width: 481px) and (max-width: 980px) 980px, (min-width: 981px) and (max-width: 1280px) 1280px, (min-width: 1281px) 2560px, 100vw\" class=\"wp-image-247889\" title=\"Mesa-de-trabajo-12-copia-2assets-scaled-1\" \/><\/span><\/div>\n\n<div class=\"et_pb_text_5 et_pb_text et_pb_bg_layout_light et_pb_module et_block_module\"><div class=\"et_pb_text_inner\"><h2><span style=\"color: #00af68\">Expertos en movimiento<\/span><\/h2>\n<\/div><\/div>\n\n<div class=\"et_pb_text_6 et_pb_text et_pb_bg_layout_light et_pb_module et_block_module\"><div class=\"et_pb_text_inner\"><p>Convidamos especialistas de diferentes ind\u00fastrias para compartilhar experi\u00eancias e pontos de vista que promovem a inova\u00e7\u00e3o e transformam o setor.<\/p>\n<\/div><\/div>\n\n<div class=\"et_pb_module et_pb_button_module_wrapper et_pb_button_2_wrapper\"><a class=\"et_pb_button_2 et_pb_button et_pb_bg_layout_light et_pb_module et_block_module\" href=\"https:\/\/www.youtube.com\/playlist?list=PLbEM0ocI1SqbLXPxirxnTP4hH8wfuaoxt\" target=\"_blank\">Ouvir podcast<\/a><\/div>\n<\/div>\n\n<div class=\"et_pb_column_5 et_pb_column et_pb_column_1_3 et-last-child et_block_column et_pb_css_mix_blend_mode_passthrough\">\n<div class=\"et_pb_image_3 et_pb_image et_pb_module et_block_module\"><span class=\"et_pb_image_wrap\"><img loading=\"lazy\" decoding=\"async\" src=\"https:\/\/reserhub.com\/br\/wp-content\/uploads\/sites\/10\/2025\/07\/Mesa-de-trabajo-12-copia-5assets-1.png\" width=\"2560\" height=\"1280\" srcset=\"https:\/\/reserhub.com\/br\/wp-content\/uploads\/sites\/10\/2025\/07\/Mesa-de-trabajo-12-copia-5assets-1.png 2560w, https:\/\/reserhub.com\/br\/wp-content\/uploads\/sites\/10\/2025\/07\/Mesa-de-trabajo-12-copia-5assets-1-300x150.png 300w\" sizes=\"(max-width: 2560px) 100vw, 2560px\" class=\"wp-image-247891\" title=\"Mesa de trabajo 12 copia 5assets\" \/><\/span><\/div>\n\n<div class=\"et_pb_text_7 et_pb_text et_pb_bg_layout_light et_pb_module et_block_module\"><div class=\"et_pb_text_inner\"><h2><span style=\"color: #00491f\">NEXT<\/span><\/h2>\n<\/div><\/div>\n\n<div class=\"et_pb_text_8 et_pb_text et_pb_bg_layout_light et_pb_module et_block_module\"><div class=\"et_pb_text_inner\"><p>Next \u00e9 o evento anual realizado pela Reserhub, onde apresentamos inova\u00e7\u00f5es tecnol\u00f3gicas que impulsionam as vendas online das empresas rodovi\u00e1rias.<\/p>\n<p>&nbsp;<\/p>\n<\/div><\/div>\n\n<div class=\"et_pb_module et_pb_button_module_wrapper et_pb_button_3_wrapper\"><a class=\"et_pb_button_3 et_pb_button et_pb_bg_layout_light et_pb_module et_block_module\" href=\"https:\/\/youtube.com\/playlist?list=PLbEM0ocI1SqaV3VPQB9R01qWdeL0FNA-0&#038;si=qMZXiIWiaYhr6hsS\" target=\"_blank\">Veja NEXT<\/a><\/div>\n<\/div>\n<\/div>\n<\/div>\n\n<div class=\"et_pb_section_3 et_pb_section et_section_regular et_block_section\">\n<div class=\"et_pb_row_3 et_pb_row et_block_row\">\n<div class=\"et_pb_column_6 et_pb_column et_pb_column_2_3 et_block_column et_pb_css_mix_blend_mode_passthrough\">\n<div class=\"et_pb_text_9 et_pb_text et_pb_bg_layout_light et_pb_module et_block_module\"><div class=\"et_pb_text_inner\"><h2><span style=\"color: #339966\">\u00c9 hora de a sua empresa assumir o controle do canal direto e liderar sua pr\u00f3pria evolu\u00e7\u00e3o.<\/span><\/h2>\n<\/div><\/div>\n\n<div class=\"et_pb_text_10 et_pb_text et_pb_bg_layout_light et_pb_module et_block_module\"><div class=\"et_pb_text_inner\"><p><span style=\"color: #ffffff\">Recupere o controle, melhore a experi\u00eancia do usu\u00e1rio e fortale\u00e7a o relacionamento com o passageiro.<\/span><\/p>\n<\/div><\/div>\n\n<div class=\"et_pb_module et_pb_button_module_wrapper et_pb_button_4_wrapper\"><a class=\"et_pb_button_4 et_pb_button et_pb_bg_layout_light et_pb_module et_block_module\" href=\"https:\/\/reserhub-23398093.hs-sites.com\/pt-br\/contato-fale-com-o-setor-de-vendas\" target=\"_blank\">Comece a fortalecer seu canal<\/a><\/div>\n<\/div>\n\n<div class=\"et_pb_column_7 et_pb_column et_pb_column_1_3 et-last-child et_block_column et_pb_css_mix_blend_mode_passthrough\">\n<div class=\"et_pb_image_4 et_pb_image et_pb_module et_block_module\"><span class=\"et_pb_image_wrap\"><img loading=\"lazy\" decoding=\"async\" src=\"https:\/\/reserhub.com\/br\/wp-content\/uploads\/sites\/10\/2025\/07\/Mesa-de-trabajo-11abajo.png\" width=\"1015\" height=\"504\" srcset=\"https:\/\/reserhub.com\/br\/wp-content\/uploads\/sites\/10\/2025\/07\/Mesa-de-trabajo-11abajo.png 1015w, https:\/\/reserhub.com\/br\/wp-content\/uploads\/sites\/10\/2025\/07\/Mesa-de-trabajo-11abajo-980x487.png 980w, https:\/\/reserhub.com\/br\/wp-content\/uploads\/sites\/10\/2025\/07\/Mesa-de-trabajo-11abajo-480x238.png 480w\" sizes=\"(min-width: 0px) and (max-width: 480px) 480px, (min-width: 481px) and (max-width: 980px) 980px, (min-width: 981px) 1015px, 100vw\" class=\"wp-image-247892\" title=\"Mesa de trabajo 11abajo\" \/><\/span><\/div>\n<\/div>\n<\/div>\n<\/div>","protected":false},"excerpt":{"rendered":"","protected":false},"author":2,"featured_media":0,"parent":0,"menu_order":0,"comment_status":"closed","ping_status":"closed","template":"","meta":{"_eb_attr":"","content-type":"","footnotes":""},"class_list":["post-247886","page","type-page","status-publish","hentry"],"yoast_head":"<!-- This site is optimized with the Yoast SEO Premium plugin v27.5 (Yoast SEO v27.5) - https:\/\/yoast.com\/product\/yoast-seo-premium-wordpress\/ -->\n<title>Centro de aprendizado - Reserhub - Reserhub BR<\/title>\n<meta name=\"robots\" content=\"index, follow, max-snippet:-1, max-image-preview:large, max-video-preview:-1\" \/>\n<link rel=\"canonical\" href=\"https:\/\/reserhub.com\/br\/centro-de-aprendizado\/\" \/>\n<meta property=\"og:locale\" content=\"en_US\" \/>\n<meta property=\"og:type\" content=\"article\" \/>\n<meta property=\"og:title\" content=\"Centro de aprendizado - Reserhub\" \/>\n<meta property=\"og:url\" content=\"https:\/\/reserhub.com\/br\/centro-de-aprendizado\/\" \/>\n<meta property=\"og:site_name\" content=\"Reserhub BR\" \/>\n<meta property=\"article:modified_time\" content=\"2026-03-26T21:57:30+00:00\" \/>\n<meta name=\"twitter:card\" content=\"summary_large_image\" \/>\n<meta name=\"twitter:label1\" content=\"Est. reading time\" \/>\n\t<meta name=\"twitter:data1\" content=\"2 minutes\" \/>\n<script type=\"application\/ld+json\" class=\"yoast-schema-graph\">{\"@context\":\"https:\\\/\\\/schema.org\",\"@graph\":[{\"@type\":\"WebPage\",\"@id\":\"https:\\\/\\\/reserhub.com\\\/br\\\/centro-de-aprendizado\\\/\",\"url\":\"https:\\\/\\\/reserhub.com\\\/br\\\/centro-de-aprendizado\\\/\",\"name\":\"Centro de aprendizado - Reserhub - Reserhub BR\",\"isPartOf\":{\"@id\":\"https:\\\/\\\/reserhub.com\\\/br\\\/#website\"},\"datePublished\":\"2025-07-18T01:06:26+00:00\",\"dateModified\":\"2026-03-26T21:57:30+00:00\",\"breadcrumb\":{\"@id\":\"https:\\\/\\\/reserhub.com\\\/br\\\/centro-de-aprendizado\\\/#breadcrumb\"},\"inLanguage\":\"en-US\",\"potentialAction\":[{\"@type\":\"ReadAction\",\"target\":[\"https:\\\/\\\/reserhub.com\\\/br\\\/centro-de-aprendizado\\\/\"]}]},{\"@type\":\"BreadcrumbList\",\"@id\":\"https:\\\/\\\/reserhub.com\\\/br\\\/centro-de-aprendizado\\\/#breadcrumb\",\"itemListElement\":[{\"@type\":\"ListItem\",\"position\":1,\"name\":\"Home\",\"item\":\"https:\\\/\\\/reserhub.com\\\/br\\\/\"},{\"@type\":\"ListItem\",\"position\":2,\"name\":\"Centro de aprendizado &#8211; Reserhub\"}]},{\"@type\":\"WebSite\",\"@id\":\"https:\\\/\\\/reserhub.com\\\/br\\\/#website\",\"url\":\"https:\\\/\\\/reserhub.com\\\/br\\\/\",\"name\":\"Reserhub BR\",\"description\":\"\",\"potentialAction\":[{\"@type\":\"SearchAction\",\"target\":{\"@type\":\"EntryPoint\",\"urlTemplate\":\"https:\\\/\\\/reserhub.com\\\/br\\\/?s={search_term_string}\"},\"query-input\":{\"@type\":\"PropertyValueSpecification\",\"valueRequired\":true,\"valueName\":\"search_term_string\"}}],\"inLanguage\":\"en-US\"}]}<\/script>\n<!-- \/ Yoast SEO Premium plugin. -->","yoast_head_json":{"title":"Centro de aprendizado - Reserhub - Reserhub BR","robots":{"index":"index","follow":"follow","max-snippet":"max-snippet:-1","max-image-preview":"max-image-preview:large","max-video-preview":"max-video-preview:-1"},"canonical":"https:\/\/reserhub.com\/br\/centro-de-aprendizado\/","og_locale":"en_US","og_type":"article","og_title":"Centro de aprendizado - Reserhub","og_url":"https:\/\/reserhub.com\/br\/centro-de-aprendizado\/","og_site_name":"Reserhub BR","article_modified_time":"2026-03-26T21:57:30+00:00","twitter_card":"summary_large_image","twitter_misc":{"Est. reading time":"2 minutes"},"schema":{"@context":"https:\/\/schema.org","@graph":[{"@type":"WebPage","@id":"https:\/\/reserhub.com\/br\/centro-de-aprendizado\/","url":"https:\/\/reserhub.com\/br\/centro-de-aprendizado\/","name":"Centro de aprendizado - Reserhub - Reserhub BR","isPartOf":{"@id":"https:\/\/reserhub.com\/br\/#website"},"datePublished":"2025-07-18T01:06:26+00:00","dateModified":"2026-03-26T21:57:30+00:00","breadcrumb":{"@id":"https:\/\/reserhub.com\/br\/centro-de-aprendizado\/#breadcrumb"},"inLanguage":"en-US","potentialAction":[{"@type":"ReadAction","target":["https:\/\/reserhub.com\/br\/centro-de-aprendizado\/"]}]},{"@type":"BreadcrumbList","@id":"https:\/\/reserhub.com\/br\/centro-de-aprendizado\/#breadcrumb","itemListElement":[{"@type":"ListItem","position":1,"name":"Home","item":"https:\/\/reserhub.com\/br\/"},{"@type":"ListItem","position":2,"name":"Centro de aprendizado &#8211; Reserhub"}]},{"@type":"WebSite","@id":"https:\/\/reserhub.com\/br\/#website","url":"https:\/\/reserhub.com\/br\/","name":"Reserhub BR","description":"","potentialAction":[{"@type":"SearchAction","target":{"@type":"EntryPoint","urlTemplate":"https:\/\/reserhub.com\/br\/?s={search_term_string}"},"query-input":{"@type":"PropertyValueSpecification","valueRequired":true,"valueName":"search_term_string"}}],"inLanguage":"en-US"}]}},"_links":{"self":[{"href":"https:\/\/reserhub.com\/br\/wp-json\/wp\/v2\/pages\/247886","targetHints":{"allow":["GET"]}}],"collection":[{"href":"https:\/\/reserhub.com\/br\/wp-json\/wp\/v2\/pages"}],"about":[{"href":"https:\/\/reserhub.com\/br\/wp-json\/wp\/v2\/types\/page"}],"author":[{"embeddable":true,"href":"https:\/\/reserhub.com\/br\/wp-json\/wp\/v2\/users\/2"}],"replies":[{"embeddable":true,"href":"https:\/\/reserhub.com\/br\/wp-json\/wp\/v2\/comments?post=247886"}],"version-history":[{"count":5,"href":"https:\/\/reserhub.com\/br\/wp-json\/wp\/v2\/pages\/247886\/revisions"}],"predecessor-version":[{"id":248518,"href":"https:\/\/reserhub.com\/br\/wp-json\/wp\/v2\/pages\/247886\/revisions\/248518"}],"wp:attachment":[{"href":"https:\/\/reserhub.com\/br\/wp-json\/wp\/v2\/media?parent=247886"}],"curies":[{"name":"wp","href":"https:\/\/api.w.org\/{rel}","templated":true}]}}