{"id":246658,"date":"2024-04-09T16:43:23","date_gmt":"2024-04-09T16:43:23","guid":{"rendered":"https:\/\/reserhub.com\/br\/?page_id=246658"},"modified":"2025-04-02T05:23:50","modified_gmt":"2025-04-02T05:23:50","slug":"seguranca-dos-seus-dado","status":"publish","type":"page","link":"https:\/\/reserhub.com\/br\/seguranca-dos-seus-dado\/","title":{"rendered":"Seguran\u00e7a dos seus Dado"},"content":{"rendered":"\n<div class=\"et_d4_element et_pb_section et_pb_section_0 et_pb_with_background  et_pb_css_mix_blend_mode et_section_regular et_block_section\" >\n\t\t\t\t\n\t\t\t\t\n\t\t\t\t\n\t\t\t\t\n\t\t\t\t\n\t\t\t\t\n\t\t\t\t<div class=\"et_d4_element et_pb_row et_pb_row_0  et_pb_css_mix_blend_mode et_block_row\">\n\t\t\t\t<div class=\"et_d4_element et_pb_column_4_4 et_pb_column et_pb_column_0  et_pb_css_mix_blend_mode et-last-child et_block_column\">\n\t\t\t\t\n\t\t\t\t\n\t\t\t\t\n\t\t\t\t\n\t\t\t\t<div class=\"et_pb_module et_d4_element et_pb_text et_pb_text_0  et_pb_text_align_center et_pb_bg_layout_dark\">\n\t\t\t\t\n\t\t\t\t\n\t\t\t\t\n\t\t\t\t\n\t\t\t\t<div class=\"et_pb_text_inner\"><h1><b>Seguran\u00e7a dos seus Dados<\/b><\/h1><\/div>\n\t\t\t<\/div>\n\t\t\t<\/div>\n\t\t\t\t\n\t\t\t\t\n\t\t\t\t\n\t\t\t\t\n\t\t\t<\/div>\n\t\t\t\t\n\t\t\t\t\n\t\t\t<\/div><div class=\"et_d4_element et_pb_section et_pb_section_1  et_pb_css_mix_blend_mode et_section_regular et_block_section\" >\n\t\t\t\t\n\t\t\t\t\n\t\t\t\t\n\t\t\t\t\n\t\t\t\t\n\t\t\t\t\n\t\t\t\t<div class=\"et_d4_element et_pb_row et_pb_row_1  et_pb_css_mix_blend_mode et_block_row\">\n\t\t\t\t<div class=\"et_d4_element et_pb_column_1_2 et_pb_column et_pb_column_1  et_pb_css_mix_blend_mode et_block_column\">\n\t\t\t\t\n\t\t\t\t\n\t\t\t\t\n\t\t\t\t\n\t\t\t\t<div class=\"et_pb_module et_d4_element et_pb_text et_pb_text_1  et_pb_text_align_left et_pb_bg_layout_light\">\n\t\t\t\t\n\t\t\t\t\n\t\t\t\t\n\t\t\t\t\n\t\t\t\t<div class=\"et_pb_text_inner\"><p><span style=\"font-weight: 400\">Na Reservamos SaaS,\u00a0estamos comprometidos com a seguran\u00e7a dos seus dados em todos os momentos. Abaixo, compartilhamos informa\u00e7\u00f5es sobre nossas medidas de seguran\u00e7a, pr\u00e1ticas de prote\u00e7\u00e3o de dados e como voc\u00ea pode entrar em contato com nossa equipe para quaisquer consultas adicionais.<\/span><\/p><\/div>\n\t\t\t<\/div><div class=\"et_pb_module et_d4_element et_pb_text et_pb_text_2  et_pb_text_align_left et_pb_bg_layout_light\">\n\t\t\t\t\n\t\t\t\t\n\t\t\t\t\n\t\t\t\t\n\t\t\t\t<div class=\"et_pb_text_inner\"><p><b>1. Datos protegidos en <\/b><b>Tr\u00e2nsito<\/b><\/p>\n<p><span style=\"font-weight: 400\">Os dados das aplica\u00e7\u00f5es da Reservamos SaaS s\u00e3o protegidos em tr\u00e2nsito usando TLS e criptografados em repouso no formato de banco de dados anal\u00edtico da Reservamos SaaS.<\/span><\/p>\n<p><b>2. Separa\u00e7\u00e3o L\u00f3gica de Dado<\/b><\/p>\n<p><span style=\"font-weight: 400\">A aplica\u00e7\u00e3o Reservamos SaaS separa logicamente os dados dos usu\u00e1rios, e o acesso aos seus dados \u00e9 protegido por robustos controles de autentica\u00e7\u00e3o e autoriza\u00e7\u00e3o.<\/span><\/p>\n<p><b>3. <\/b><b>Auditorias de Desenvolvimento<\/b><\/p>\n<p><span style=\"font-weight: 400\">A Reservamos SaaS audita mudan\u00e7as na aplica\u00e7\u00e3o ao longo do ciclo de vida do desenvolvimento: revis\u00f5es de arquitetura, bem como rigorosos processos de revis\u00e3o de c\u00f3digo automatizados e manuais.<\/span><\/p>\n<p><b>4. Monitoramento da Infraestrutura<\/b><\/p>\n<p><span style=\"font-weight: 400\">A Reservamos SaaS monitora servidores de aplica\u00e7\u00e3o, infraestrutura e ambiente de rede da Reservamos SaaS para detectar poss\u00edveis abusos.<\/span><\/p><\/div>\n\t\t\t<\/div>\n\t\t\t<\/div><div class=\"et_pb_with_border et_pb_column_1_2 et_d4_element et_pb_column et_pb_column_2  et_pb_css_mix_blend_mode et-last-child et_block_column\">\n\t\t\t\t\n\t\t\t\t\n\t\t\t\t\n\t\t\t\t\n\t\t\t\t<div class=\"et_pb_module et_d4_element et_pb_blurb et_pb_blurb_0  et_pb_text_align_left  et_pb_blurb_position_top et_block_module et_pb_bg_layout_light\">\n\t\t\t\t\n\t\t\t\t\n\t\t\t\t\n\t\t\t\t\n\t\t\t\t<div class=\"et_pb_blurb_content\">\n\t\t\t\t\t<div class=\"et_pb_main_blurb_image et_pb_css_mix_blend_mode\"><span class=\"et_pb_image_wrap\"><span class=\"et-waypoint et_pb_animation_off et_pb_animation_off_tablet et_pb_animation_off_phone et-pb-icon\">\uf3ed<\/span><\/span><\/div>\n\t\t\t\t\t<div class=\"et_pb_blurb_container\">\n\t\t\t\t\t\t\n\t\t\t\t\t\t\n\t\t\t\t\t<\/div>\n\t\t\t\t<\/div>\n\t\t\t<\/div><div class=\"et_pb_module et_d4_element et_pb_text et_pb_text_3  et_pb_text_align_left et_pb_bg_layout_light\">\n\t\t\t\t\n\t\t\t\t\n\t\t\t\t\n\t\t\t\t\n\t\t\t\t<div class=\"et_pb_text_inner\"><h5><b><i>Servidor e banco de dados em nuvem dos nossos fornecedores, acreditados sob:<\/i><\/b><\/h5><\/div>\n\t\t\t<\/div><div class=\"et_pb_module et_d4_element et_pb_text et_pb_text_4  et_pb_text_align_left et_pb_bg_layout_light\">\n\t\t\t\t\n\t\t\t\t\n\t\t\t\t\n\t\t\t\t\n\t\t\t\t<div class=\"et_pb_text_inner\"><ul>\n<li style=\"font-weight: 400\"><span style=\"font-weight: 400\">ISO 27001<\/span><\/li>\n<li style=\"font-weight: 400\"><span style=\"font-weight: 400\">SOC 1 and SOC 2\/SSAE 16\/ISAE 3402 (Previously SAS 70 Type II)<\/span><\/li>\n<li style=\"font-weight: 400\"><span style=\"font-weight: 400\">PCI Level 1<\/span><\/li>\n<li style=\"font-weight: 400\"><span style=\"font-weight: 400\">FISMA Moderate<\/span><\/li>\n<li style=\"font-weight: 400\"><span style=\"font-weight: 400\">Sarbanes-Oxley (SOX)<\/span><\/li>\n<\/ul><\/div>\n\t\t\t<\/div><div class=\"et_pb_module et_d4_element et_pb_blurb et_pb_blurb_1  et_pb_text_align_left  et_pb_blurb_position_top et_block_module et_pb_bg_layout_light\">\n\t\t\t\t\n\t\t\t\t\n\t\t\t\t\n\t\t\t\t\n\t\t\t\t<div class=\"et_pb_blurb_content\">\n\t\t\t\t\t<div class=\"et_pb_main_blurb_image et_pb_css_mix_blend_mode\"><span class=\"et_pb_image_wrap\"><span class=\"et-waypoint et_pb_animation_off et_pb_animation_off_tablet et_pb_animation_off_phone et-pb-icon\">\uf09d<\/span><\/span><\/div>\n\t\t\t\t\t<div class=\"et_pb_blurb_container\">\n\t\t\t\t\t\t\n\t\t\t\t\t\t\n\t\t\t\t\t<\/div>\n\t\t\t\t<\/div>\n\t\t\t<\/div><div class=\"et_pb_module et_d4_element et_pb_text et_pb_text_5  et_pb_text_align_left et_pb_bg_layout_light\">\n\t\t\t\t\n\t\t\t\t\n\t\t\t\t\n\t\t\t\t\n\t\t\t\t<div class=\"et_pb_text_inner\"><h5><strong><b><i>Processamento de pagamentos, com parceiros credenciados em<\/i><\/b>:\u00a0<\/strong><\/h5><\/div>\n\t\t\t<\/div><div class=\"et_pb_module et_d4_element et_pb_text et_pb_text_6  et_pb_text_align_left et_pb_bg_layout_light\">\n\t\t\t\t\n\t\t\t\t\n\t\t\t\t\n\t\t\t\t\n\t\t\t\t<div class=\"et_pb_text_inner\"><ul>\n<li style=\"text-align: left\">PCI DSS Compliant.<\/li>\n<\/ul><\/div>\n\t\t\t<\/div>\n\t\t\t<\/div>\n\t\t\t\t\n\t\t\t\t\n\t\t\t\t\n\t\t\t\t\n\t\t\t<\/div>\n\t\t\t\t\n\t\t\t\t\n\t\t\t<\/div><div class=\"et_d4_element et_pb_section et_pb_section_2 et_pb_with_background  et_pb_css_mix_blend_mode et_section_specialty et_block_section\" >\n\t\t\t\t\n\t\t\t\t\n\t\t\t\t\n\t\t\t\t\n\t\t\t\t\n\t\t\t\t<div class=\"et_pb_row et_block_row et_d4_element\">\n\t\t\t\t<div class=\"et_d4_element et_pb_column_1_2 et_pb_column et_pb_column_3    et_pb_css_mix_blend_mode et_block_column\">\n\t\t\t\t\n\t\t\t\t\n\t\t\t\t\n\t\t\t\t\n\t\t\t\t<div class=\"et_pb_module et_d4_element et_pb_text et_pb_text_7  et_pb_text_align_left et_pb_bg_layout_light\">\n\t\t\t\t\n\t\t\t\t\n\t\t\t\t\n\t\t\t\t\n\t\t\t\t<div class=\"et_pb_text_inner\"><h2><span style=\"font-weight: 400\">Se voc\u00ea tiver alguma d\u00favida sobre a seguran\u00e7a das suas informa\u00e7\u00f5es, pode nos contatar pelo e-mail: <\/span><span style=\"color: #000000\"><em><strong><a href=\"mailto:datasecurity@reservamos.com\" style=\"color: #000000\">datasecurity@reservamos.com<\/a><\/strong><\/em><\/span><\/h2><\/div>\n\t\t\t<\/div>\n\t\t\t<\/div><div class=\"et_d4_element et_pb_column_1_2 et_pb_column et_pb_column_4   et_pb_specialty_column  et_pb_css_mix_blend_mode et-last-child et_block_column\">\n\t\t\t\t\n\t\t\t\t\n\t\t\t\t\n\t\t\t\t\n\t\t\t\t<div class=\"et_d4_element et_pb_row_inner et_pb_row_inner_0  et_pb_css_mix_blend_mode et_block_row\">\n\t\t\t\t<div class=\"et_pb_column et_pb_column_4_4 et_d4_element et_pb_column_inner et_pb_column_inner_0  et_pb_css_mix_blend_mode et-last-child et_block_column\">\n\t\t\t\t\n\t\t\t\t\n\t\t\t\t\n\t\t\t\t\n\t\t\t\t<div class=\"et_pb_module et_d4_element et_pb_image et_pb_image_0\">\n\t\t\t\t\n\t\t\t\t\n\t\t\t\t\n\t\t\t\t\n\t\t\t\t<span class=\"et_pb_image_wrap \"><img loading=\"lazy\" decoding=\"async\" width=\"800\" height=\"300\" src=\"https:\/\/reserhub.com\/br\/wp-content\/uploads\/sites\/10\/2024\/04\/2.png\" alt=\"garantia reservamos saas seguridad de datos\" title=\"2\" srcset=\"https:\/\/reserhub.com\/br\/wp-content\/uploads\/sites\/10\/2024\/04\/2.png 800w, https:\/\/reserhub.com\/br\/wp-content\/uploads\/sites\/10\/2024\/04\/2-480x180.png 480w\" sizes=\"(min-width: 0px) and (max-width: 480px) 480px, (min-width: 481px) 800px, 100vw\" class=\"wp-image-246671\" \/><\/span>\n\t\t\t<\/div>\n\t\t\t<\/div>\n\t\t\t\t\n\t\t\t\t\n\t\t\t\t\n\t\t\t\t\n\t\t\t<\/div>\n\t\t\t<\/div>\n\t\t\t\t<\/div>\n\t\t\t\t\n\t\t\t<\/div>\n","protected":false},"excerpt":{"rendered":"","protected":false},"author":3,"featured_media":0,"parent":0,"menu_order":0,"comment_status":"closed","ping_status":"closed","template":"","meta":{"_eb_attr":"","content-type":"","_et_pb_use_builder":"on","_et_pb_old_content":"","_et_gb_content_width":"","footnotes":""},"class_list":["post-246658","page","type-page","status-publish","hentry"],"yoast_head":"<!-- This site is optimized with the Yoast SEO Premium plugin v27.4 (Yoast SEO v27.4) - https:\/\/yoast.com\/product\/yoast-seo-premium-wordpress\/ -->\n<title>Seguran\u00e7a dos seus dados - Reserhub<\/title>\n<meta name=\"robots\" content=\"index, follow, max-snippet:-1, max-image-preview:large, max-video-preview:-1\" \/>\n<link rel=\"canonical\" href=\"https:\/\/reserhub.com\/br\/seguranca-dos-seus-dado\/\" \/>\n<meta property=\"og:locale\" content=\"en_US\" \/>\n<meta property=\"og:type\" content=\"article\" \/>\n<meta property=\"og:title\" content=\"Seguran\u00e7a dos seus Dado\" \/>\n<meta property=\"og:url\" content=\"https:\/\/reserhub.com\/br\/seguranca-dos-seus-dado\/\" \/>\n<meta property=\"og:site_name\" content=\"Reserhub BR\" \/>\n<meta property=\"article:modified_time\" content=\"2025-04-02T05:23:50+00:00\" \/>\n<meta name=\"twitter:card\" content=\"summary_large_image\" \/>\n<meta name=\"twitter:label1\" content=\"Est. reading time\" \/>\n\t<meta name=\"twitter:data1\" content=\"2 minutes\" \/>\n<script type=\"application\/ld+json\" class=\"yoast-schema-graph\">{\"@context\":\"https:\\\/\\\/schema.org\",\"@graph\":[{\"@type\":\"WebPage\",\"@id\":\"https:\\\/\\\/reserhub.com\\\/br\\\/seguranca-dos-seus-dado\\\/\",\"url\":\"https:\\\/\\\/reserhub.com\\\/br\\\/seguranca-dos-seus-dado\\\/\",\"name\":\"Seguran\u00e7a dos seus dados - Reserhub\",\"isPartOf\":{\"@id\":\"https:\\\/\\\/reserhub.com\\\/br\\\/#website\"},\"datePublished\":\"2024-04-09T16:43:23+00:00\",\"dateModified\":\"2025-04-02T05:23:50+00:00\",\"breadcrumb\":{\"@id\":\"https:\\\/\\\/reserhub.com\\\/br\\\/seguranca-dos-seus-dado\\\/#breadcrumb\"},\"inLanguage\":\"en-US\",\"potentialAction\":[{\"@type\":\"ReadAction\",\"target\":[\"https:\\\/\\\/reserhub.com\\\/br\\\/seguranca-dos-seus-dado\\\/\"]}]},{\"@type\":\"BreadcrumbList\",\"@id\":\"https:\\\/\\\/reserhub.com\\\/br\\\/seguranca-dos-seus-dado\\\/#breadcrumb\",\"itemListElement\":[{\"@type\":\"ListItem\",\"position\":1,\"name\":\"Home\",\"item\":\"https:\\\/\\\/reserhub.com\\\/br\\\/\"},{\"@type\":\"ListItem\",\"position\":2,\"name\":\"Seguran\u00e7a dos seus Dado\"}]},{\"@type\":\"WebSite\",\"@id\":\"https:\\\/\\\/reserhub.com\\\/br\\\/#website\",\"url\":\"https:\\\/\\\/reserhub.com\\\/br\\\/\",\"name\":\"Reserhub BR\",\"description\":\"\",\"potentialAction\":[{\"@type\":\"SearchAction\",\"target\":{\"@type\":\"EntryPoint\",\"urlTemplate\":\"https:\\\/\\\/reserhub.com\\\/br\\\/?s={search_term_string}\"},\"query-input\":{\"@type\":\"PropertyValueSpecification\",\"valueRequired\":true,\"valueName\":\"search_term_string\"}}],\"inLanguage\":\"en-US\"}]}<\/script>\n<!-- \/ Yoast SEO Premium plugin. -->","yoast_head_json":{"title":"Seguran\u00e7a dos seus dados - Reserhub","robots":{"index":"index","follow":"follow","max-snippet":"max-snippet:-1","max-image-preview":"max-image-preview:large","max-video-preview":"max-video-preview:-1"},"canonical":"https:\/\/reserhub.com\/br\/seguranca-dos-seus-dado\/","og_locale":"en_US","og_type":"article","og_title":"Seguran\u00e7a dos seus Dado","og_url":"https:\/\/reserhub.com\/br\/seguranca-dos-seus-dado\/","og_site_name":"Reserhub BR","article_modified_time":"2025-04-02T05:23:50+00:00","twitter_card":"summary_large_image","twitter_misc":{"Est. reading time":"2 minutes"},"schema":{"@context":"https:\/\/schema.org","@graph":[{"@type":"WebPage","@id":"https:\/\/reserhub.com\/br\/seguranca-dos-seus-dado\/","url":"https:\/\/reserhub.com\/br\/seguranca-dos-seus-dado\/","name":"Seguran\u00e7a dos seus dados - Reserhub","isPartOf":{"@id":"https:\/\/reserhub.com\/br\/#website"},"datePublished":"2024-04-09T16:43:23+00:00","dateModified":"2025-04-02T05:23:50+00:00","breadcrumb":{"@id":"https:\/\/reserhub.com\/br\/seguranca-dos-seus-dado\/#breadcrumb"},"inLanguage":"en-US","potentialAction":[{"@type":"ReadAction","target":["https:\/\/reserhub.com\/br\/seguranca-dos-seus-dado\/"]}]},{"@type":"BreadcrumbList","@id":"https:\/\/reserhub.com\/br\/seguranca-dos-seus-dado\/#breadcrumb","itemListElement":[{"@type":"ListItem","position":1,"name":"Home","item":"https:\/\/reserhub.com\/br\/"},{"@type":"ListItem","position":2,"name":"Seguran\u00e7a dos seus Dado"}]},{"@type":"WebSite","@id":"https:\/\/reserhub.com\/br\/#website","url":"https:\/\/reserhub.com\/br\/","name":"Reserhub BR","description":"","potentialAction":[{"@type":"SearchAction","target":{"@type":"EntryPoint","urlTemplate":"https:\/\/reserhub.com\/br\/?s={search_term_string}"},"query-input":{"@type":"PropertyValueSpecification","valueRequired":true,"valueName":"search_term_string"}}],"inLanguage":"en-US"}]}},"_links":{"self":[{"href":"https:\/\/reserhub.com\/br\/wp-json\/wp\/v2\/pages\/246658","targetHints":{"allow":["GET"]}}],"collection":[{"href":"https:\/\/reserhub.com\/br\/wp-json\/wp\/v2\/pages"}],"about":[{"href":"https:\/\/reserhub.com\/br\/wp-json\/wp\/v2\/types\/page"}],"author":[{"embeddable":true,"href":"https:\/\/reserhub.com\/br\/wp-json\/wp\/v2\/users\/3"}],"replies":[{"embeddable":true,"href":"https:\/\/reserhub.com\/br\/wp-json\/wp\/v2\/comments?post=246658"}],"version-history":[{"count":5,"href":"https:\/\/reserhub.com\/br\/wp-json\/wp\/v2\/pages\/246658\/revisions"}],"predecessor-version":[{"id":247633,"href":"https:\/\/reserhub.com\/br\/wp-json\/wp\/v2\/pages\/246658\/revisions\/247633"}],"wp:attachment":[{"href":"https:\/\/reserhub.com\/br\/wp-json\/wp\/v2\/media?parent=246658"}],"curies":[{"name":"wp","href":"https:\/\/api.w.org\/{rel}","templated":true}]}}